{"id":158,"date":"2019-08-13T06:43:24","date_gmt":"2019-08-13T06:43:24","guid":{"rendered":"http:\/\/demo.wenthemes.com\/kids-education-soul\/?page_id=158"},"modified":"2024-05-01T04:20:25","modified_gmt":"2024-05-01T04:20:25","slug":"valores","status":"publish","type":"page","link":"https:\/\/colegioagazzy.edu.mx\/index.php\/valores\/","title":{"rendered":"Valores"},"content":{"rendered":"\n<h2 class=\"wp-block-heading\"><strong>Responsabilidad<\/strong><\/h2>\n\n\n\n<p>Ense\u00f1ar a un ni\u00f1o a cumplir sus deberes en casa es&nbsp;<strong>fundamental&nbsp;<\/strong>para convertirlo en un adulto responsable. No obstante, en la escuela la responsabilidad debe ser un valor impartido para que los alumnos aprendan sobre su importancia, as\u00ed como la consecuencia de sus actos, sean malos o buenos.<\/p>\n\n\n\n<h2 class=\"wp-block-heading\"><strong>Compromiso<\/strong><\/h2>\n\n\n\n<p>Para forjar la base de un buen desarrollo acad\u00e9mico, social y personal de cualquier ni\u00f1o, el compromiso es la clave. Al entender y aplicar este valor, el alumno ser\u00e1 capaz de crear relaciones interpersonales mucho m\u00e1s s\u00f3lidas y duraderas. Adem\u00e1s, fortalece la intenci\u00f3n de involucrarse en objetivos y proyectos que les permitir\u00e1n alcanzar metas a largo plazo.<\/p>\n\n\n\n<h2 class=\"wp-block-heading\"><strong>Tolerancia<\/strong><\/h2>\n\n\n\n<p>Este es uno de los valores \u00e9ticos m\u00e1s importantes en la educaci\u00f3n, ya que prepara al alumno a como vivir en la sociedad y a entender mejor la diversidad<strong>.&nbsp;<\/strong>As\u00ed como es necesario aprender a reconocer las diferencias entre s\u00ed, tambi\u00e9n es importante que los ni\u00f1os conozcan como piensan y se sienten los dem\u00e1s, sin juzgarlos y acept\u00e1ndolos.<\/p>\n\n\n\n<h2 class=\"wp-block-heading\"><strong>Gratitud<\/strong><\/h2>\n\n\n\n<p>Desde muy peque\u00f1os, es necesario que los ni\u00f1os aprendan a como ser agradecidos tanto por las grandes, como por las peque\u00f1as cosas de la vida. Este valor debe ser reforzado a diario, pues se ha demostrado que a lo largo de toda su vida, las personas agradecidas son mucho m\u00e1s felices y optimistas.<\/p>\n\n\n\n<h2 class=\"wp-block-heading\"><strong>Generosidad<\/strong><\/h2>\n\n\n\n<p><em>\u201cCompartir sin recibir nada a cambio\u201d<\/em>&nbsp;Un lema que debe repetirse constantemente, en especial, cuando se quiere transmitir a un alumno. Convertir la generosidad en un placer, har\u00e1 que los ni\u00f1os se sientan m\u00e1s c\u00f3modos al hacer el bien por lo dem\u00e1s sin esperar nada a cambio.<\/p>\n\n\n\n<h2 class=\"wp-block-heading\"><strong>Honestidad<\/strong><\/h2>\n\n\n\n<p>Sin importar que hayamos cometido un error, debemos ser honestos en todo momento. Cuando se trata de nuestros alumnos, en Logos International School les hacemos saber que siempre es mejor decir la verdad. Esto les ayudar\u00e1 a ganarse la confianza de quienes les rodean y a sentirse mejor consigo mismos.<\/p>\n\n\n\n<figure class=\"wp-block-image size-full\"><img loading=\"lazy\" decoding=\"async\" width=\"960\" height=\"960\" src=\"https:\/\/colegioagazzy.edu.mx\/wp-content\/uploads\/2024\/04\/web9.png\" alt=\"\" class=\"wp-image-531\" srcset=\"https:\/\/colegioagazzy.edu.mx\/wp-content\/uploads\/2024\/04\/web9.png 960w, https:\/\/colegioagazzy.edu.mx\/wp-content\/uploads\/2024\/04\/web9-300x300.png 300w, https:\/\/colegioagazzy.edu.mx\/wp-content\/uploads\/2024\/04\/web9-150x150.png 150w, https:\/\/colegioagazzy.edu.mx\/wp-content\/uploads\/2024\/04\/web9-768x768.png 768w\" sizes=\"(max-width: 960px) 100vw, 960px\" \/><\/figure>\n","protected":false},"excerpt":{"rendered":"<p>Responsabilidad Ense\u00f1ar a un ni\u00f1o a cumplir sus deberes en casa es&nbsp;fundamental&nbsp;para convertirlo en un adulto responsable. No obstante, en la escuela la responsabilidad debe ser un valor impartido para que los alumnos aprendan sobre su importancia, as\u00ed como la consecuencia de sus actos, sean malos o buenos. Compromiso Para forjar la base de un [&hellip;]<\/p>\n","protected":false},"author":1,"featured_media":543,"parent":0,"menu_order":0,"comment_status":"closed","ping_status":"closed","template":"","meta":{"_joinchat":[],"footnotes":""},"_links":{"self":[{"href":"https:\/\/colegioagazzy.edu.mx\/index.php\/wp-json\/wp\/v2\/pages\/158"}],"collection":[{"href":"https:\/\/colegioagazzy.edu.mx\/index.php\/wp-json\/wp\/v2\/pages"}],"about":[{"href":"https:\/\/colegioagazzy.edu.mx\/index.php\/wp-json\/wp\/v2\/types\/page"}],"author":[{"embeddable":true,"href":"https:\/\/colegioagazzy.edu.mx\/index.php\/wp-json\/wp\/v2\/users\/1"}],"replies":[{"embeddable":true,"href":"https:\/\/colegioagazzy.edu.mx\/index.php\/wp-json\/wp\/v2\/comments?post=158"}],"version-history":[{"count":2,"href":"https:\/\/colegioagazzy.edu.mx\/index.php\/wp-json\/wp\/v2\/pages\/158\/revisions"}],"predecessor-version":[{"id":563,"href":"https:\/\/colegioagazzy.edu.mx\/index.php\/wp-json\/wp\/v2\/pages\/158\/revisions\/563"}],"wp:featuredmedia":[{"embeddable":true,"href":"https:\/\/colegioagazzy.edu.mx\/index.php\/wp-json\/wp\/v2\/media\/543"}],"wp:attachment":[{"href":"https:\/\/colegioagazzy.edu.mx\/index.php\/wp-json\/wp\/v2\/media?parent=158"}],"curies":[{"name":"wp","href":"https:\/\/api.w.org\/{rel}","templated":true}]}}