{"id":287,"date":"2019-11-26T06:15:04","date_gmt":"2019-11-26T06:15:04","guid":{"rendered":"http:\/\/demo.wenthemes.com\/kids-education-soul\/?page_id=287"},"modified":"2024-05-01T04:31:38","modified_gmt":"2024-05-01T04:31:38","slug":"a-world-class-education","status":"publish","type":"page","link":"https:\/\/colegioagazzy.edu.mx\/index.php\/a-world-class-education\/","title":{"rendered":"Instalaciones"},"content":{"rendered":"\n<p>Nuestra instalaciones brindar un espacio para el aprendizaje feliz de los peque\u00f1os.<br><br>En el Colegio Agazzy, nos comprometemos a brindar una educaci\u00f3n de calidad y vanguardia, basada en valores y con una amplia oferta educativa que permitir\u00e1 que tus hijos desarrollen todo su potencial.<br><\/p>\n\n\n\n<p>Blvd. Las Reynas # 312 . Col. Las Reynas<\/p>\n\n\n\n<p>Contactanos y aprovecha:<\/p>\n\n\n\n<p><a href=\"https:\/\/www.facebook.com\/hashtag\/whatsapp?__eep__=6&amp;__cft__[0]=AZWiH9v_ftJpAEuLWBpKu0XKd5HNUenlOzZy82fKyaFwPRVD9W78C22ojzI-d8pqb0EzxcsqZt4RE-TSXWgzznaQmw3U7euJm-JIVAWlOaORsKwY8ANRY2LHRs9L3QoqEdtMdZEtJOQJBr4G55-hXjbSixpPmDVgDO83L5F251FwLY1q6tZC0QV0VEwDrb0hGYD7kiPf680VeXGH4jpPRMcQ&amp;__tn__=*NK-R\">#WhatsApp<\/a> 4641391300 Link whastapp Directo: <a href=\"http:\/\/wa.link\/few1gv?fbclid=IwZXh0bgNhZW0CMTAAAR0ANvMWw3FEEoDyBiy3YzZhUOifW12sfAKOXfabyQt9UFu6X8pfhQGdiic_aem_Ad6zS94n0_nh1T5NOm96BfKnPMosQoPw3m0_EfXmMDvGFDVqHfxFfIw9MYjpH1aOi7VqA0h01gSmYpbG_gSohtNu\" rel=\"noreferrer noopener\" target=\"_blank\">wa.link\/few1gv<\/a><\/p>\n\n\n\n<p><\/p>\n\n\n\n<figure class=\"wp-block-image size-large\"><img loading=\"lazy\" decoding=\"async\" width=\"1024\" height=\"450\" src=\"https:\/\/colegioagazzy.edu.mx\/wp-content\/uploads\/2024\/05\/slidesweb4-1024x450.png\" alt=\"\" class=\"wp-image-580\" srcset=\"https:\/\/colegioagazzy.edu.mx\/wp-content\/uploads\/2024\/05\/slidesweb4-1024x450.png 1024w, https:\/\/colegioagazzy.edu.mx\/wp-content\/uploads\/2024\/05\/slidesweb4-300x132.png 300w, https:\/\/colegioagazzy.edu.mx\/wp-content\/uploads\/2024\/05\/slidesweb4-768x338.png 768w, https:\/\/colegioagazzy.edu.mx\/wp-content\/uploads\/2024\/05\/slidesweb4-400x176.png 400w, https:\/\/colegioagazzy.edu.mx\/wp-content\/uploads\/2024\/05\/slidesweb4.png 1026w\" sizes=\"(max-width: 1024px) 100vw, 1024px\" \/><\/figure>\n\n\n\n<figure class=\"wp-block-image size-large\"><img loading=\"lazy\" decoding=\"async\" width=\"1024\" height=\"450\" src=\"https:\/\/colegioagazzy.edu.mx\/wp-content\/uploads\/2024\/05\/slidesweb5-1024x450.png\" alt=\"\" class=\"wp-image-581\" srcset=\"https:\/\/colegioagazzy.edu.mx\/wp-content\/uploads\/2024\/05\/slidesweb5-1024x450.png 1024w, https:\/\/colegioagazzy.edu.mx\/wp-content\/uploads\/2024\/05\/slidesweb5-300x132.png 300w, https:\/\/colegioagazzy.edu.mx\/wp-content\/uploads\/2024\/05\/slidesweb5-768x338.png 768w, https:\/\/colegioagazzy.edu.mx\/wp-content\/uploads\/2024\/05\/slidesweb5-400x176.png 400w, https:\/\/colegioagazzy.edu.mx\/wp-content\/uploads\/2024\/05\/slidesweb5.png 1026w\" sizes=\"(max-width: 1024px) 100vw, 1024px\" \/><\/figure>\n\n\n\n<figure class=\"wp-block-gallery has-nested-images columns-default is-cropped wp-block-gallery-1 is-layout-flex wp-block-gallery-is-layout-flex\">\n<figure class=\"wp-block-image size-large\"><img loading=\"lazy\" decoding=\"async\" width=\"1024\" height=\"685\" data-id=\"573\" src=\"https:\/\/colegioagazzy.edu.mx\/wp-content\/uploads\/2024\/04\/web44-1024x685.png\" alt=\"\" class=\"wp-image-573\" srcset=\"https:\/\/colegioagazzy.edu.mx\/wp-content\/uploads\/2024\/04\/web44-1024x685.png 1024w, https:\/\/colegioagazzy.edu.mx\/wp-content\/uploads\/2024\/04\/web44-300x201.png 300w, https:\/\/colegioagazzy.edu.mx\/wp-content\/uploads\/2024\/04\/web44-768x514.png 768w, https:\/\/colegioagazzy.edu.mx\/wp-content\/uploads\/2024\/04\/web44-400x268.png 400w, https:\/\/colegioagazzy.edu.mx\/wp-content\/uploads\/2024\/04\/web44.png 1496w\" sizes=\"(max-width: 1024px) 100vw, 1024px\" \/><\/figure>\n\n\n\n<figure class=\"wp-block-image size-large\"><img loading=\"lazy\" decoding=\"async\" width=\"1024\" height=\"685\" data-id=\"569\" src=\"https:\/\/colegioagazzy.edu.mx\/wp-content\/uploads\/2024\/04\/web40-1024x685.png\" alt=\"\" class=\"wp-image-569\" srcset=\"https:\/\/colegioagazzy.edu.mx\/wp-content\/uploads\/2024\/04\/web40-1024x685.png 1024w, https:\/\/colegioagazzy.edu.mx\/wp-content\/uploads\/2024\/04\/web40-300x201.png 300w, https:\/\/colegioagazzy.edu.mx\/wp-content\/uploads\/2024\/04\/web40-768x514.png 768w, https:\/\/colegioagazzy.edu.mx\/wp-content\/uploads\/2024\/04\/web40-400x268.png 400w, https:\/\/colegioagazzy.edu.mx\/wp-content\/uploads\/2024\/04\/web40.png 1496w\" sizes=\"(max-width: 1024px) 100vw, 1024px\" \/><\/figure>\n\n\n\n<figure class=\"wp-block-image size-large\"><img loading=\"lazy\" decoding=\"async\" width=\"1024\" height=\"685\" data-id=\"567\" src=\"https:\/\/colegioagazzy.edu.mx\/wp-content\/uploads\/2024\/04\/web39-1024x685.png\" alt=\"\" class=\"wp-image-567\" srcset=\"https:\/\/colegioagazzy.edu.mx\/wp-content\/uploads\/2024\/04\/web39-1024x685.png 1024w, https:\/\/colegioagazzy.edu.mx\/wp-content\/uploads\/2024\/04\/web39-300x201.png 300w, https:\/\/colegioagazzy.edu.mx\/wp-content\/uploads\/2024\/04\/web39-768x514.png 768w, https:\/\/colegioagazzy.edu.mx\/wp-content\/uploads\/2024\/04\/web39-400x268.png 400w, https:\/\/colegioagazzy.edu.mx\/wp-content\/uploads\/2024\/04\/web39.png 1496w\" sizes=\"(max-width: 1024px) 100vw, 1024px\" \/><\/figure>\n\n\n\n<figure class=\"wp-block-image size-large\"><img loading=\"lazy\" decoding=\"async\" width=\"1024\" height=\"685\" data-id=\"566\" src=\"https:\/\/colegioagazzy.edu.mx\/wp-content\/uploads\/2024\/04\/web38-1024x685.png\" alt=\"\" class=\"wp-image-566\" srcset=\"https:\/\/colegioagazzy.edu.mx\/wp-content\/uploads\/2024\/04\/web38-1024x685.png 1024w, https:\/\/colegioagazzy.edu.mx\/wp-content\/uploads\/2024\/04\/web38-300x201.png 300w, https:\/\/colegioagazzy.edu.mx\/wp-content\/uploads\/2024\/04\/web38-768x514.png 768w, https:\/\/colegioagazzy.edu.mx\/wp-content\/uploads\/2024\/04\/web38-400x268.png 400w, https:\/\/colegioagazzy.edu.mx\/wp-content\/uploads\/2024\/04\/web38.png 1496w\" sizes=\"(max-width: 1024px) 100vw, 1024px\" \/><\/figure>\n\n\n\n<figure class=\"wp-block-image size-large\"><img loading=\"lazy\" decoding=\"async\" width=\"1024\" height=\"685\" data-id=\"560\" src=\"https:\/\/colegioagazzy.edu.mx\/wp-content\/uploads\/2024\/04\/web33-1024x685.png\" alt=\"\" class=\"wp-image-560\" srcset=\"https:\/\/colegioagazzy.edu.mx\/wp-content\/uploads\/2024\/04\/web33-1024x685.png 1024w, https:\/\/colegioagazzy.edu.mx\/wp-content\/uploads\/2024\/04\/web33-300x201.png 300w, https:\/\/colegioagazzy.edu.mx\/wp-content\/uploads\/2024\/04\/web33-768x514.png 768w, https:\/\/colegioagazzy.edu.mx\/wp-content\/uploads\/2024\/04\/web33-400x268.png 400w, https:\/\/colegioagazzy.edu.mx\/wp-content\/uploads\/2024\/04\/web33.png 1496w\" sizes=\"(max-width: 1024px) 100vw, 1024px\" \/><\/figure>\n\n\n\n<figure class=\"wp-block-image size-large\"><img loading=\"lazy\" decoding=\"async\" width=\"1024\" height=\"685\" data-id=\"561\" src=\"https:\/\/colegioagazzy.edu.mx\/wp-content\/uploads\/2024\/04\/web34-1024x685.png\" alt=\"\" class=\"wp-image-561\" srcset=\"https:\/\/colegioagazzy.edu.mx\/wp-content\/uploads\/2024\/04\/web34-1024x685.png 1024w, https:\/\/colegioagazzy.edu.mx\/wp-content\/uploads\/2024\/04\/web34-300x201.png 300w, https:\/\/colegioagazzy.edu.mx\/wp-content\/uploads\/2024\/04\/web34-768x514.png 768w, https:\/\/colegioagazzy.edu.mx\/wp-content\/uploads\/2024\/04\/web34-400x268.png 400w, https:\/\/colegioagazzy.edu.mx\/wp-content\/uploads\/2024\/04\/web34.png 1496w\" sizes=\"(max-width: 1024px) 100vw, 1024px\" \/><\/figure>\n<\/figure>\n","protected":false},"excerpt":{"rendered":"<p>Nuestra instalaciones brindar un espacio para el aprendizaje feliz de los peque\u00f1os. En el Colegio Agazzy, nos comprometemos a brindar una educaci\u00f3n de calidad y vanguardia, basada en valores y con una amplia oferta educativa que permitir\u00e1 que tus hijos desarrollen todo su potencial. Blvd. Las Reynas # 312 . Col. Las Reynas Contactanos y [&hellip;]<\/p>\n","protected":false},"author":1,"featured_media":579,"parent":0,"menu_order":0,"comment_status":"closed","ping_status":"closed","template":"","meta":{"_joinchat":[],"footnotes":""},"_links":{"self":[{"href":"https:\/\/colegioagazzy.edu.mx\/index.php\/wp-json\/wp\/v2\/pages\/287"}],"collection":[{"href":"https:\/\/colegioagazzy.edu.mx\/index.php\/wp-json\/wp\/v2\/pages"}],"about":[{"href":"https:\/\/colegioagazzy.edu.mx\/index.php\/wp-json\/wp\/v2\/types\/page"}],"author":[{"embeddable":true,"href":"https:\/\/colegioagazzy.edu.mx\/index.php\/wp-json\/wp\/v2\/users\/1"}],"replies":[{"embeddable":true,"href":"https:\/\/colegioagazzy.edu.mx\/index.php\/wp-json\/wp\/v2\/comments?post=287"}],"version-history":[{"count":1,"href":"https:\/\/colegioagazzy.edu.mx\/index.php\/wp-json\/wp\/v2\/pages\/287\/revisions"}],"predecessor-version":[{"id":582,"href":"https:\/\/colegioagazzy.edu.mx\/index.php\/wp-json\/wp\/v2\/pages\/287\/revisions\/582"}],"wp:featuredmedia":[{"embeddable":true,"href":"https:\/\/colegioagazzy.edu.mx\/index.php\/wp-json\/wp\/v2\/media\/579"}],"wp:attachment":[{"href":"https:\/\/colegioagazzy.edu.mx\/index.php\/wp-json\/wp\/v2\/media?parent=287"}],"curies":[{"name":"wp","href":"https:\/\/api.w.org\/{rel}","templated":true}]}}