{"id":304,"date":"2020-03-31T18:40:11","date_gmt":"2020-03-31T18:40:11","guid":{"rendered":"http:\/\/demo.wenthemes.com\/kids-education-soul\/?page_id=304"},"modified":"2024-04-30T21:41:53","modified_gmt":"2024-04-30T21:41:53","slug":"preescolar","status":"publish","type":"page","link":"https:\/\/colegioagazzy.edu.mx\/index.php\/preescolar\/","title":{"rendered":"PREESCOLAR"},"content":{"rendered":"\n<p>Para nosotros, la educaci\u00f3n de los ni\u00f1os en edad Preescolar&nbsp; es fundamental, ya que estamos conscientes de que el potencial de cada persona es ilimitado y que crecer\u00e1 conforme sea estimulado en sus primeros a\u00f1os de vida.<\/p>\n\n\n\n<h2 class=\"wp-block-heading\">Un ni\u00f1o feliz es un ser abierto a recibir, descubrir y aprender lo maravilloso que es el mundo<\/h2>\n\n\n\n<p><\/p>\n\n\n\n<p><\/p>\n\n\n\n<ul>\n<li>Educaci\u00f3n Biling\u00fce<\/li>\n\n\n\n<li>Educaci\u00f3n Socioemocional<\/li>\n\n\n\n<li>Apreciando el Arte<\/li>\n\n\n\n<li>Lenguaje y Comunicaci\u00f3n<\/li>\n\n\n\n<li>Pensamiento Matem\u00e1tico<\/li>\n\n\n\n<li>Desarrollo Motriz<\/li>\n\n\n\n<li>Ciencias<\/li>\n\n\n\n<li>Mis primeras palabras<\/li>\n<\/ul>\n\n\n\n<p><\/p>\n\n\n\n<p>A partir de los tres a\u00f1os de edad, las ni\u00f1as y ni\u00f1os comienzan a desarrollar habilidades cognitivas, ling\u00fcisticas y motrices. La educaci\u00f3n preescolar es la base del desarrollo integral humano como la inteligencia emocional, personalidad humanista y comportamiento social.<\/p>\n\n\n\n<p><\/p>\n\n\n\n<figure class=\"wp-block-image size-full\"><img loading=\"lazy\" decoding=\"async\" width=\"960\" height=\"960\" src=\"https:\/\/colegioagazzy.edu.mx\/wp-content\/uploads\/2024\/04\/web18.png\" alt=\"\" class=\"wp-image-541\" srcset=\"https:\/\/colegioagazzy.edu.mx\/wp-content\/uploads\/2024\/04\/web18.png 960w, https:\/\/colegioagazzy.edu.mx\/wp-content\/uploads\/2024\/04\/web18-300x300.png 300w, https:\/\/colegioagazzy.edu.mx\/wp-content\/uploads\/2024\/04\/web18-150x150.png 150w, https:\/\/colegioagazzy.edu.mx\/wp-content\/uploads\/2024\/04\/web18-768x768.png 768w\" sizes=\"(max-width: 960px) 100vw, 960px\" \/><\/figure>\n\n\n\n<figure class=\"wp-block-image size-full\"><img loading=\"lazy\" decoding=\"async\" width=\"960\" height=\"960\" src=\"https:\/\/colegioagazzy.edu.mx\/wp-content\/uploads\/2024\/04\/pag4.jpg\" alt=\"\" class=\"wp-image-471\" srcset=\"https:\/\/colegioagazzy.edu.mx\/wp-content\/uploads\/2024\/04\/pag4.jpg 960w, https:\/\/colegioagazzy.edu.mx\/wp-content\/uploads\/2024\/04\/pag4-300x300.jpg 300w, https:\/\/colegioagazzy.edu.mx\/wp-content\/uploads\/2024\/04\/pag4-150x150.jpg 150w, https:\/\/colegioagazzy.edu.mx\/wp-content\/uploads\/2024\/04\/pag4-768x768.jpg 768w\" sizes=\"(max-width: 960px) 100vw, 960px\" \/><\/figure>\n\n\n\n<figure class=\"wp-block-image size-full\"><img loading=\"lazy\" decoding=\"async\" width=\"960\" height=\"960\" src=\"https:\/\/colegioagazzy.edu.mx\/wp-content\/uploads\/2024\/04\/web17.png\" alt=\"\" class=\"wp-image-540\" srcset=\"https:\/\/colegioagazzy.edu.mx\/wp-content\/uploads\/2024\/04\/web17.png 960w, https:\/\/colegioagazzy.edu.mx\/wp-content\/uploads\/2024\/04\/web17-300x300.png 300w, https:\/\/colegioagazzy.edu.mx\/wp-content\/uploads\/2024\/04\/web17-150x150.png 150w, https:\/\/colegioagazzy.edu.mx\/wp-content\/uploads\/2024\/04\/web17-768x768.png 768w\" sizes=\"(max-width: 960px) 100vw, 960px\" \/><\/figure>\n","protected":false},"excerpt":{"rendered":"<p>Para nosotros, la educaci\u00f3n de los ni\u00f1os en edad Preescolar&nbsp; es fundamental, ya que estamos conscientes de que el potencial de cada persona es ilimitado y que crecer\u00e1 conforme sea estimulado en sus primeros a\u00f1os de vida. Un ni\u00f1o feliz es un ser abierto a recibir, descubrir y aprender lo maravilloso que es el mundo [&hellip;]<\/p>\n","protected":false},"author":1,"featured_media":519,"parent":0,"menu_order":0,"comment_status":"closed","ping_status":"closed","template":"","meta":{"_joinchat":[],"footnotes":""},"_links":{"self":[{"href":"https:\/\/colegioagazzy.edu.mx\/index.php\/wp-json\/wp\/v2\/pages\/304"}],"collection":[{"href":"https:\/\/colegioagazzy.edu.mx\/index.php\/wp-json\/wp\/v2\/pages"}],"about":[{"href":"https:\/\/colegioagazzy.edu.mx\/index.php\/wp-json\/wp\/v2\/types\/page"}],"author":[{"embeddable":true,"href":"https:\/\/colegioagazzy.edu.mx\/index.php\/wp-json\/wp\/v2\/users\/1"}],"replies":[{"embeddable":true,"href":"https:\/\/colegioagazzy.edu.mx\/index.php\/wp-json\/wp\/v2\/comments?post=304"}],"version-history":[{"count":2,"href":"https:\/\/colegioagazzy.edu.mx\/index.php\/wp-json\/wp\/v2\/pages\/304\/revisions"}],"predecessor-version":[{"id":553,"href":"https:\/\/colegioagazzy.edu.mx\/index.php\/wp-json\/wp\/v2\/pages\/304\/revisions\/553"}],"wp:featuredmedia":[{"embeddable":true,"href":"https:\/\/colegioagazzy.edu.mx\/index.php\/wp-json\/wp\/v2\/media\/519"}],"wp:attachment":[{"href":"https:\/\/colegioagazzy.edu.mx\/index.php\/wp-json\/wp\/v2\/media?parent=304"}],"curies":[{"name":"wp","href":"https:\/\/api.w.org\/{rel}","templated":true}]}}