{"id":308,"date":"2020-03-31T18:45:58","date_gmt":"2020-03-31T18:45:58","guid":{"rendered":"http:\/\/demo.wenthemes.com\/kids-education-soul\/?page_id=308"},"modified":"2024-04-30T21:43:03","modified_gmt":"2024-04-30T21:43:03","slug":"primaria","status":"publish","type":"page","link":"https:\/\/colegioagazzy.edu.mx\/index.php\/primaria\/","title":{"rendered":"Primaria"},"content":{"rendered":"\n<p>Etapa de experiencias memorables y aprendizajes de valor que sentar\u00e1n las bases de una vida plena.<\/p>\n\n\n\n<p>Somos formadores de l\u00edderes desde hace mas de 30 a\u00f1os.<\/p>\n\n\n\n<p><\/p>\n\n\n\n<h1 class=\"wp-block-heading\">El objetivo es fomentar aprendizaje significativo, valores emp\u00e1ticos y potencializar talentos para formar a los l\u00edderes del ma\u00f1ana. #PrimariaAgazzy<\/h1>\n\n\n\n<p><\/p>\n\n\n\n<p><\/p>\n\n\n\n<ul>\n<li>Educaci\u00f3n Positiva.<br>Fortalecemos las habilidades que construyen emociones positivas, cultivan la resiliencia y favorecen la atenci\u00f3n plena.<\/li>\n\n\n\n<li>Desarrollo F\u00edsico. <br>Activamos cuerpo y mente para potencializar las facultades que les permitan ser competitivos.<\/li>\n\n\n\n<li>Comprensi\u00f3n Lectora. <br>Estimulamos la imaginaci\u00f3n, motivando el gusto por la literatura.<\/li>\n\n\n\n<li>Formaci\u00f3n Biling\u00fce.  Modelo de ense\u00f1anza del idioma ingl\u00e9s, que los perfila a obtener gran dominio del idioma<\/li>\n\n\n\n<li>Viviendo los Valores. De la mano con la familia, creamos conciencia para que sientan, piensen y act\u00faen con conocimiento pleno de lo que hacen.<\/li>\n\n\n\n<li>Fortaleciendo la Familia. Aseguramos una relaci\u00f3n estrecha y permanente para, juntos, seguir creciendo.<\/li>\n<\/ul>\n\n\n\n<p><\/p>\n\n\n\n<p>Implementamos estrategias innovadoras para el desarrollo de habilidades Matematicas.<\/p>\n\n\n\n<ul>\n<li>Definiciones B\u00e1sicas<\/li>\n\n\n\n<li>Problemas B\u00e1sicas<\/li>\n\n\n\n<li>Problemas Estat\u00edcos<\/li>\n\n\n\n<li>Comparaci\u00f3n<\/li>\n<\/ul>\n\n\n\n<p>Nuestra metodolog\u00eda humanista y basada en el desarrollo de competencias para la vida promueve el desarrollo integral invitando a los alumnos a: aprender a aprender y aprender a convivir.\u00a0<br><br>Parte importante del trabajo que se realiza son los espacios para el desarrollo art\u00edstico\u00a0 y el deporte, permitiendo a nuestros alumnos adquirir mayor seguridad, expresar sus emociones, desarrollar su creatividad, convivir, trabajar colaborativamente y disfrutar de su proceso de aprendizaje y de esta etapa de la vida.<\/p>\n\n\n\n<figure class=\"wp-block-image size-full\"><img loading=\"lazy\" decoding=\"async\" width=\"960\" height=\"960\" src=\"https:\/\/colegioagazzy.edu.mx\/wp-content\/uploads\/2024\/04\/web1.png\" alt=\"\" class=\"wp-image-523\" srcset=\"https:\/\/colegioagazzy.edu.mx\/wp-content\/uploads\/2024\/04\/web1.png 960w, https:\/\/colegioagazzy.edu.mx\/wp-content\/uploads\/2024\/04\/web1-300x300.png 300w, https:\/\/colegioagazzy.edu.mx\/wp-content\/uploads\/2024\/04\/web1-150x150.png 150w, https:\/\/colegioagazzy.edu.mx\/wp-content\/uploads\/2024\/04\/web1-768x768.png 768w\" sizes=\"(max-width: 960px) 100vw, 960px\" \/><\/figure>\n\n\n\n<figure class=\"wp-block-image size-full\"><img loading=\"lazy\" decoding=\"async\" width=\"960\" height=\"960\" src=\"https:\/\/colegioagazzy.edu.mx\/wp-content\/uploads\/2024\/04\/pag1.jpg\" alt=\"\" class=\"wp-image-457\" srcset=\"https:\/\/colegioagazzy.edu.mx\/wp-content\/uploads\/2024\/04\/pag1.jpg 960w, https:\/\/colegioagazzy.edu.mx\/wp-content\/uploads\/2024\/04\/pag1-300x300.jpg 300w, https:\/\/colegioagazzy.edu.mx\/wp-content\/uploads\/2024\/04\/pag1-150x150.jpg 150w, https:\/\/colegioagazzy.edu.mx\/wp-content\/uploads\/2024\/04\/pag1-768x768.jpg 768w\" sizes=\"(max-width: 960px) 100vw, 960px\" \/><\/figure>\n\n\n\n<p><\/p>\n","protected":false},"excerpt":{"rendered":"<p>Etapa de experiencias memorables y aprendizajes de valor que sentar\u00e1n las bases de una vida plena. Somos formadores de l\u00edderes desde hace mas de 30 a\u00f1os. El objetivo es fomentar aprendizaje significativo, valores emp\u00e1ticos y potencializar talentos para formar a los l\u00edderes del ma\u00f1ana. #PrimariaAgazzy Implementamos estrategias innovadoras para el desarrollo de habilidades Matematicas. Nuestra [&hellip;]<\/p>\n","protected":false},"author":1,"featured_media":521,"parent":0,"menu_order":0,"comment_status":"closed","ping_status":"closed","template":"","meta":{"_joinchat":[],"footnotes":""},"_links":{"self":[{"href":"https:\/\/colegioagazzy.edu.mx\/index.php\/wp-json\/wp\/v2\/pages\/308"}],"collection":[{"href":"https:\/\/colegioagazzy.edu.mx\/index.php\/wp-json\/wp\/v2\/pages"}],"about":[{"href":"https:\/\/colegioagazzy.edu.mx\/index.php\/wp-json\/wp\/v2\/types\/page"}],"author":[{"embeddable":true,"href":"https:\/\/colegioagazzy.edu.mx\/index.php\/wp-json\/wp\/v2\/users\/1"}],"replies":[{"embeddable":true,"href":"https:\/\/colegioagazzy.edu.mx\/index.php\/wp-json\/wp\/v2\/comments?post=308"}],"version-history":[{"count":3,"href":"https:\/\/colegioagazzy.edu.mx\/index.php\/wp-json\/wp\/v2\/pages\/308\/revisions"}],"predecessor-version":[{"id":558,"href":"https:\/\/colegioagazzy.edu.mx\/index.php\/wp-json\/wp\/v2\/pages\/308\/revisions\/558"}],"wp:featuredmedia":[{"embeddable":true,"href":"https:\/\/colegioagazzy.edu.mx\/index.php\/wp-json\/wp\/v2\/media\/521"}],"wp:attachment":[{"href":"https:\/\/colegioagazzy.edu.mx\/index.php\/wp-json\/wp\/v2\/media?parent=308"}],"curies":[{"name":"wp","href":"https:\/\/api.w.org\/{rel}","templated":true}]}}