{"id":366,"date":"2019-08-12T04:13:42","date_gmt":"2019-08-12T04:13:42","guid":{"rendered":"http:\/\/demo.wenthemes.com\/kids-education-soul\/?page_id=12"},"modified":"2024-04-30T21:41:09","modified_gmt":"2024-04-30T21:41:09","slug":"nuestra-historia","status":"publish","type":"page","link":"https:\/\/colegioagazzy.edu.mx\/index.php\/nuestra-historia\/","title":{"rendered":"Nuestra Historia"},"content":{"rendered":"\n<p>Nuestra instituci\u00f3n fue fundada en el a\u00f1o de 1986, como resultado de la uni\u00f3n de tres profesoras interesadas en&nbsp; ofrecer a la comunidad salmantina educaci\u00f3n preescolar de calidad.<\/p>\n\n\n\n<p>Se constituy\u00f3 una Asociaci\u00f3n Civil, La raz\u00f3n social con que operamos inicialmente fue \u201cJard\u00edn de Ni\u00f1os del Bosque\u201d. En 1994, despu\u00e9s de varios a\u00f1os de trabajo, logramos el sue\u00f1o de ofrecer el servicio de Educaci\u00f3n Primaria.<\/p>\n\n\n\n<p>Es entonces cuando surge el&nbsp; nombre Colegio Agazzy, A.C., y el logotipo que identifica nuestra imagen institucional desde entonces.<\/p>\n\n\n\n<p>En 2009 logramos contar con un Plantel con las caracter\u00edsticas adecuadas para el desarrollo integral de nuestro alumnado<\/p>\n\n\n\n<p>Al d\u00eda de hoy, podemos decir con orgullo que hemos<\/p>\n\n\n\n<p>egresado 30 Generaciones de Preescolar y 18 Generaciones de Primaria.<\/p>\n\n\n\n<figure class=\"wp-block-image size-full\"><img loading=\"lazy\" decoding=\"async\" width=\"960\" height=\"960\" src=\"https:\/\/colegioagazzy.edu.mx\/wp-content\/uploads\/2024\/04\/colegioagazzymarzo20241-1.jpg\" alt=\"\" class=\"wp-image-512\" srcset=\"https:\/\/colegioagazzy.edu.mx\/wp-content\/uploads\/2024\/04\/colegioagazzymarzo20241-1.jpg 960w, https:\/\/colegioagazzy.edu.mx\/wp-content\/uploads\/2024\/04\/colegioagazzymarzo20241-1-300x300.jpg 300w, https:\/\/colegioagazzy.edu.mx\/wp-content\/uploads\/2024\/04\/colegioagazzymarzo20241-1-150x150.jpg 150w, https:\/\/colegioagazzy.edu.mx\/wp-content\/uploads\/2024\/04\/colegioagazzymarzo20241-1-768x768.jpg 768w\" sizes=\"(max-width: 960px) 100vw, 960px\" \/><\/figure>\n\n\n\n<figure class=\"wp-block-image size-full\"><img loading=\"lazy\" decoding=\"async\" width=\"960\" height=\"960\" src=\"https:\/\/colegioagazzy.edu.mx\/wp-content\/uploads\/2024\/04\/web11.png\" alt=\"\" class=\"wp-image-533\" srcset=\"https:\/\/colegioagazzy.edu.mx\/wp-content\/uploads\/2024\/04\/web11.png 960w, https:\/\/colegioagazzy.edu.mx\/wp-content\/uploads\/2024\/04\/web11-300x300.png 300w, https:\/\/colegioagazzy.edu.mx\/wp-content\/uploads\/2024\/04\/web11-150x150.png 150w, https:\/\/colegioagazzy.edu.mx\/wp-content\/uploads\/2024\/04\/web11-768x768.png 768w\" sizes=\"(max-width: 960px) 100vw, 960px\" \/><\/figure>\n","protected":false},"excerpt":{"rendered":"<p>Nuestra instituci\u00f3n fue fundada en el a\u00f1o de 1986, como resultado de la uni\u00f3n de tres profesoras interesadas en&nbsp; ofrecer a la comunidad salmantina educaci\u00f3n preescolar de calidad. Se constituy\u00f3 una Asociaci\u00f3n Civil, La raz\u00f3n social con que operamos inicialmente fue \u201cJard\u00edn de Ni\u00f1os del Bosque\u201d. En 1994, despu\u00e9s de varios a\u00f1os de trabajo, logramos [&hellip;]<\/p>\n","protected":false},"author":1,"featured_media":537,"parent":0,"menu_order":0,"comment_status":"closed","ping_status":"closed","template":"","meta":{"_joinchat":[],"footnotes":""},"_links":{"self":[{"href":"https:\/\/colegioagazzy.edu.mx\/index.php\/wp-json\/wp\/v2\/pages\/366"}],"collection":[{"href":"https:\/\/colegioagazzy.edu.mx\/index.php\/wp-json\/wp\/v2\/pages"}],"about":[{"href":"https:\/\/colegioagazzy.edu.mx\/index.php\/wp-json\/wp\/v2\/types\/page"}],"author":[{"embeddable":true,"href":"https:\/\/colegioagazzy.edu.mx\/index.php\/wp-json\/wp\/v2\/users\/1"}],"replies":[{"embeddable":true,"href":"https:\/\/colegioagazzy.edu.mx\/index.php\/wp-json\/wp\/v2\/comments?post=366"}],"version-history":[{"count":2,"href":"https:\/\/colegioagazzy.edu.mx\/index.php\/wp-json\/wp\/v2\/pages\/366\/revisions"}],"predecessor-version":[{"id":549,"href":"https:\/\/colegioagazzy.edu.mx\/index.php\/wp-json\/wp\/v2\/pages\/366\/revisions\/549"}],"wp:featuredmedia":[{"embeddable":true,"href":"https:\/\/colegioagazzy.edu.mx\/index.php\/wp-json\/wp\/v2\/media\/537"}],"wp:attachment":[{"href":"https:\/\/colegioagazzy.edu.mx\/index.php\/wp-json\/wp\/v2\/media?parent=366"}],"curies":[{"name":"wp","href":"https:\/\/api.w.org\/{rel}","templated":true}]}}