{"id":85,"date":"2019-08-12T12:12:46","date_gmt":"2019-08-12T12:12:46","guid":{"rendered":"http:\/\/demo.wenthemes.com\/kids-education-soul\/?page_id=85"},"modified":"2024-04-30T06:06:40","modified_gmt":"2024-04-30T06:06:40","slug":"perfil-alumno-egresado","status":"publish","type":"page","link":"https:\/\/colegioagazzy.edu.mx\/index.php\/perfil-alumno-egresado\/","title":{"rendered":"Perfil del Alumno egresado del Preescolar"},"content":{"rendered":"\n<p>Nuestro programa nos permite garantizar que los alumnos terminar\u00e1n su educaci\u00f3n Preescolar sabiendo leer, escribir, sumar, restar, manejar conceptos de estimaci\u00f3n, c\u00e1lculo, seriaci\u00f3n, redacci\u00f3n, etc., todo a un nivel propio de su edad.<\/p>\n\n\n\n<p>Tambi\u00e9n habr\u00e1n desarrollado habilidades de pensamiento, lo que les permitir\u00e1 darle soluci\u00f3n a problemas razonados, leer un cuento y resumirlo al terminar, predecir, concluir, asumir, crear un final diferente, etc.<\/p>\n\n\n\n<p>Adem\u00e1s perfeccionar\u00e1n sus destrezas para el trabajo en equipo, incrementando su lado creativo y estar\u00e1n listos para iniciar la Educaci\u00f3n Primaria con la nueva modalidad de competencias que la SEP ha implementado en su \u00faltima reforma educativa.<\/p>\n","protected":false},"excerpt":{"rendered":"<p>Nuestro programa nos permite garantizar que los alumnos terminar\u00e1n su educaci\u00f3n Preescolar sabiendo leer, escribir, sumar, restar, manejar conceptos de estimaci\u00f3n, c\u00e1lculo, seriaci\u00f3n, redacci\u00f3n, etc., todo a un nivel propio de su edad. Tambi\u00e9n habr\u00e1n desarrollado habilidades de pensamiento, lo que les permitir\u00e1 darle soluci\u00f3n a problemas razonados, leer un cuento y resumirlo al terminar, [&hellip;]<\/p>\n","protected":false},"author":1,"featured_media":409,"parent":0,"menu_order":0,"comment_status":"closed","ping_status":"closed","template":"","meta":{"_joinchat":[],"footnotes":""},"_links":{"self":[{"href":"https:\/\/colegioagazzy.edu.mx\/index.php\/wp-json\/wp\/v2\/pages\/85"}],"collection":[{"href":"https:\/\/colegioagazzy.edu.mx\/index.php\/wp-json\/wp\/v2\/pages"}],"about":[{"href":"https:\/\/colegioagazzy.edu.mx\/index.php\/wp-json\/wp\/v2\/types\/page"}],"author":[{"embeddable":true,"href":"https:\/\/colegioagazzy.edu.mx\/index.php\/wp-json\/wp\/v2\/users\/1"}],"replies":[{"embeddable":true,"href":"https:\/\/colegioagazzy.edu.mx\/index.php\/wp-json\/wp\/v2\/comments?post=85"}],"version-history":[{"count":1,"href":"https:\/\/colegioagazzy.edu.mx\/index.php\/wp-json\/wp\/v2\/pages\/85\/revisions"}],"predecessor-version":[{"id":410,"href":"https:\/\/colegioagazzy.edu.mx\/index.php\/wp-json\/wp\/v2\/pages\/85\/revisions\/410"}],"wp:featuredmedia":[{"embeddable":true,"href":"https:\/\/colegioagazzy.edu.mx\/index.php\/wp-json\/wp\/v2\/media\/409"}],"wp:attachment":[{"href":"https:\/\/colegioagazzy.edu.mx\/index.php\/wp-json\/wp\/v2\/media?parent=85"}],"curies":[{"name":"wp","href":"https:\/\/api.w.org\/{rel}","templated":true}]}}